{"id":2200,"date":"2023-01-30T18:18:52","date_gmt":"2023-01-30T18:18:52","guid":{"rendered":"https:\/\/northern.careers\/travail-tres-varie\/"},"modified":"2023-09-02T05:06:13","modified_gmt":"2023-09-02T05:06:13","slug":"travail-tres-varie","status":"publish","type":"page","link":"https:\/\/northern.careers\/fr\/travail-tres-varie\/","title":{"rendered":"Travail tr\u00e8s vari\u00e9"},"content":{"rendered":"\n<div class=\"wp-block-group alignfull nhr32-header has-secondary-background-color has-background is-layout-constrained wp-block-group-is-layout-constrained\" style=\"margin-top:0;padding-bottom:0\">\n<div class=\"wp-block-columns alignwide is-layout-flex wp-container-core-columns-is-layout-7c9548a8 wp-block-columns-is-layout-flex\" style=\"padding-top:0;padding-right:0;padding-bottom:0;padding-left:0\">\n<div class=\"wp-block-column is-vertically-aligned-center is-layout-flow wp-block-column-is-layout-flow\" style=\"padding-top:var(--wp--preset--spacing--80);padding-bottom:var(--wp--preset--spacing--40);flex-basis:60%\">\n<h2 class=\"wp-block-heading has-text-align-center has-primary-color has-background-background-color has-text-color has-background has-2-xlarge-font-size\" style=\"padding-top:var(--wp--preset--spacing--40);padding-right:var(--wp--preset--spacing--50);padding-bottom:var(--wp--preset--spacing--40);padding-left:var(--wp--preset--spacing--50);text-transform:uppercase\">Beaucoup plus qu&#8217;un emploi au d\u00e9tail.<\/h2>\n\n\n\n<div class=\"wp-block-group neg-margin-top is-layout-constrained wp-container-core-group-is-layout-92264e68 wp-block-group-is-layout-constrained\" style=\"margin-top:0;margin-bottom:0;padding-top:var(--wp--preset--spacing--30);padding-right:var(--wp--preset--spacing--30);padding-bottom:var(--wp--preset--spacing--30);padding-left:var(--wp--preset--spacing--30)\">\n<div class=\"wp-block-group has-background-color has-tertiary-background-color has-text-color has-background is-layout-constrained wp-container-core-group-is-layout-23b1a4dc wp-block-group-is-layout-constrained\" style=\"padding-top:var(--wp--preset--spacing--30);padding-right:var(--wp--preset--spacing--30);padding-bottom:var(--wp--preset--spacing--30);padding-left:var(--wp--preset--spacing--30)\">\n<p class=\"has-text-align-center has-larger-font-size\" style=\"font-style:normal;font-weight:700;text-transform:uppercase\"><strong>Venez faire une diff\u00e9rence.<\/strong><\/p>\n<\/div>\n\n\n\n<p class=\"has-text-align-right has-background-color has-text-color has-increased-font-size\" style=\"margin-bottom:var(--wp--preset--spacing--50)\">Joignez-vous \u00e0 l\u2019\u00e9quipe Northern\/NorthMart<\/p>\n\n\n\n<div class=\"wp-block-buttons is-content-justification-right is-layout-flex wp-container-core-buttons-is-layout-d445cf74 wp-block-buttons-is-layout-flex\">\n<div class=\"wp-block-button has-custom-font-size is-style-outline has-larger-font-size is-style-outline--1\"><a class=\"wp-block-button__link has-background-color has-primary-background-color has-text-color has-background wp-element-button\" href=\"https:\/\/northern.careers\/join-us\/\">Joignez-vous \u00e0 notre \u00e9quipe<\/a><\/div>\n<\/div>\n<\/div>\n<\/div>\n\n\n\n<div class=\"wp-block-column is-vertically-aligned-bottom is-layout-flow wp-block-column-is-layout-flow\" style=\"flex-basis:40%\">\n<figure class=\"wp-block-image alignright size-full\"><img loading=\"lazy\" decoding=\"async\" width=\"390\" height=\"400\" src=\"https:\/\/northern.careers\/wp-content\/uploads\/2023\/01\/wideVarietyWork_390x400.png\" alt=\"\" class=\"wp-image-245\" srcset=\"https:\/\/northern.careers\/wp-content\/uploads\/2023\/01\/wideVarietyWork_390x400.png 390w, https:\/\/northern.careers\/wp-content\/uploads\/2023\/01\/wideVarietyWork_390x400-380x390.png 380w\" sizes=\"auto, (max-width: 390px) 100vw, 390px\" \/><\/figure>\n<\/div>\n<\/div>\n<\/div>\n\n\n<div style=\"--bb--crumb-gap:.4em;\" class=\"alignwide wp-block-boldblocks-breadcrumb-block\"><nav role=\"navigation\" aria-label=\"Breadcrumbs\" class=\"breadcrumb\"><ol class=\"breadcrumb-items\"><li class=\"breadcrumb-item breadcrumb-item--current breadcrumb-item--home\"><span class=\"breadcrumb-item-name\">Accueil<\/span><\/li><\/ol><\/nav><\/div>\n\n\n<div class=\"wp-block-columns alignwide is-layout-flex wp-container-core-columns-is-layout-643ced6b wp-block-columns-is-layout-flex\">\n<div class=\"wp-block-column is-layout-flow wp-block-column-is-layout-flow\">\n<h1 class=\"wp-block-heading has-primary-color has-text-color has-3-xlarge-font-size\">Faites l&#8217;exp\u00e9rience d&#8217;une grande vari\u00e9t\u00e9 de t\u00e2ches<\/h1>\n\n\n\n<ul class=\"wp-block-social-links has-large-icon-size has-icon-color is-style-logos-only is-content-justification-left is-layout-flex wp-container-core-social-links-is-layout-5b491305 wp-block-social-links-is-layout-flex\" style=\"margin-top:var(--wp--preset--spacing--60);margin-bottom:var(--wp--preset--spacing--60)\"><li style=\"color:#005CAB;\" class=\"wp-social-link wp-social-link-facebook has-primary-color wp-block-social-link\"><a rel=\"noopener nofollow\" target=\"_blank\" href=\"https:\/\/www.facebook.com\/NorthernStores\/\" class=\"wp-block-social-link-anchor\"><svg width=\"24\" height=\"24\" viewBox=\"0 0 24 24\" version=\"1.1\" xmlns=\"http:\/\/www.w3.org\/2000\/svg\" aria-hidden=\"true\" focusable=\"false\"><path d=\"M12 2C6.5 2 2 6.5 2 12c0 5 3.7 9.1 8.4 9.9v-7H7.9V12h2.5V9.8c0-2.5 1.5-3.9 3.8-3.9 1.1 0 2.2.2 2.2.2v2.5h-1.3c-1.2 0-1.6.8-1.6 1.6V12h2.8l-.4 2.9h-2.3v7C18.3 21.1 22 17 22 12c0-5.5-4.5-10-10-10z\"><\/path><\/svg><span class=\"wp-block-social-link-label screen-reader-text\">Facebook<\/span><\/a><\/li>\n\n<li style=\"color:#005CAB;\" class=\"wp-social-link wp-social-link-linkedin has-primary-color wp-block-social-link\"><a rel=\"noopener nofollow\" target=\"_blank\" href=\"https:\/\/www.linkedin.com\/company\/northern-northmart\/\" class=\"wp-block-social-link-anchor\"><svg width=\"24\" height=\"24\" viewBox=\"0 0 24 24\" version=\"1.1\" xmlns=\"http:\/\/www.w3.org\/2000\/svg\" aria-hidden=\"true\" focusable=\"false\"><path d=\"M19.7,3H4.3C3.582,3,3,3.582,3,4.3v15.4C3,20.418,3.582,21,4.3,21h15.4c0.718,0,1.3-0.582,1.3-1.3V4.3 C21,3.582,20.418,3,19.7,3z M8.339,18.338H5.667v-8.59h2.672V18.338z M7.004,8.574c-0.857,0-1.549-0.694-1.549-1.548 c0-0.855,0.691-1.548,1.549-1.548c0.854,0,1.547,0.694,1.547,1.548C8.551,7.881,7.858,8.574,7.004,8.574z M18.339,18.338h-2.669 v-4.177c0-0.996-0.017-2.278-1.387-2.278c-1.389,0-1.601,1.086-1.601,2.206v4.249h-2.667v-8.59h2.559v1.174h0.037 c0.356-0.675,1.227-1.387,2.526-1.387c2.703,0,3.203,1.779,3.203,4.092V18.338z\"><\/path><\/svg><span class=\"wp-block-social-link-label screen-reader-text\">LinkedIn<\/span><\/a><\/li>\n\n<li style=\"color:#005CAB;\" class=\"wp-social-link wp-social-link-instagram has-primary-color wp-block-social-link\"><a rel=\"noopener nofollow\" target=\"_blank\" href=\"https:\/\/www.instagram.com\/northern_northmart\/\" class=\"wp-block-social-link-anchor\"><svg width=\"24\" height=\"24\" viewBox=\"0 0 24 24\" version=\"1.1\" xmlns=\"http:\/\/www.w3.org\/2000\/svg\" aria-hidden=\"true\" focusable=\"false\"><path d=\"M12,4.622c2.403,0,2.688,0.009,3.637,0.052c0.877,0.04,1.354,0.187,1.671,0.31c0.42,0.163,0.72,0.358,1.035,0.673 c0.315,0.315,0.51,0.615,0.673,1.035c0.123,0.317,0.27,0.794,0.31,1.671c0.043,0.949,0.052,1.234,0.052,3.637 s-0.009,2.688-0.052,3.637c-0.04,0.877-0.187,1.354-0.31,1.671c-0.163,0.42-0.358,0.72-0.673,1.035 c-0.315,0.315-0.615,0.51-1.035,0.673c-0.317,0.123-0.794,0.27-1.671,0.31c-0.949,0.043-1.233,0.052-3.637,0.052 s-2.688-0.009-3.637-0.052c-0.877-0.04-1.354-0.187-1.671-0.31c-0.42-0.163-0.72-0.358-1.035-0.673 c-0.315-0.315-0.51-0.615-0.673-1.035c-0.123-0.317-0.27-0.794-0.31-1.671C4.631,14.688,4.622,14.403,4.622,12 s0.009-2.688,0.052-3.637c0.04-0.877,0.187-1.354,0.31-1.671c0.163-0.42,0.358-0.72,0.673-1.035 c0.315-0.315,0.615-0.51,1.035-0.673c0.317-0.123,0.794-0.27,1.671-0.31C9.312,4.631,9.597,4.622,12,4.622 M12,3 C9.556,3,9.249,3.01,8.289,3.054C7.331,3.098,6.677,3.25,6.105,3.472C5.513,3.702,5.011,4.01,4.511,4.511 c-0.5,0.5-0.808,1.002-1.038,1.594C3.25,6.677,3.098,7.331,3.054,8.289C3.01,9.249,3,9.556,3,12c0,2.444,0.01,2.751,0.054,3.711 c0.044,0.958,0.196,1.612,0.418,2.185c0.23,0.592,0.538,1.094,1.038,1.594c0.5,0.5,1.002,0.808,1.594,1.038 c0.572,0.222,1.227,0.375,2.185,0.418C9.249,20.99,9.556,21,12,21s2.751-0.01,3.711-0.054c0.958-0.044,1.612-0.196,2.185-0.418 c0.592-0.23,1.094-0.538,1.594-1.038c0.5-0.5,0.808-1.002,1.038-1.594c0.222-0.572,0.375-1.227,0.418-2.185 C20.99,14.751,21,14.444,21,12s-0.01-2.751-0.054-3.711c-0.044-0.958-0.196-1.612-0.418-2.185c-0.23-0.592-0.538-1.094-1.038-1.594 c-0.5-0.5-1.002-0.808-1.594-1.038c-0.572-0.222-1.227-0.375-2.185-0.418C14.751,3.01,14.444,3,12,3L12,3z M12,7.378 c-2.552,0-4.622,2.069-4.622,4.622S9.448,16.622,12,16.622s4.622-2.069,4.622-4.622S14.552,7.378,12,7.378z M12,15 c-1.657,0-3-1.343-3-3s1.343-3,3-3s3,1.343,3,3S13.657,15,12,15z M16.804,6.116c-0.596,0-1.08,0.484-1.08,1.08 s0.484,1.08,1.08,1.08c0.596,0,1.08-0.484,1.08-1.08S17.401,6.116,16.804,6.116z\"><\/path><\/svg><span class=\"wp-block-social-link-label screen-reader-text\">Instagram<\/span><\/a><\/li>\n\n<li style=\"color:#005CAB;\" class=\"wp-social-link wp-social-link-youtube has-primary-color wp-block-social-link\"><a rel=\"noopener nofollow\" target=\"_blank\" href=\"https:\/\/www.youtube.com\/@TheNorthWestCompany\" class=\"wp-block-social-link-anchor\"><svg width=\"24\" height=\"24\" viewBox=\"0 0 24 24\" version=\"1.1\" xmlns=\"http:\/\/www.w3.org\/2000\/svg\" aria-hidden=\"true\" focusable=\"false\"><path d=\"M21.8,8.001c0,0-0.195-1.378-0.795-1.985c-0.76-0.797-1.613-0.801-2.004-0.847c-2.799-0.202-6.997-0.202-6.997-0.202 h-0.009c0,0-4.198,0-6.997,0.202C4.608,5.216,3.756,5.22,2.995,6.016C2.395,6.623,2.2,8.001,2.2,8.001S2,9.62,2,11.238v1.517 c0,1.618,0.2,3.237,0.2,3.237s0.195,1.378,0.795,1.985c0.761,0.797,1.76,0.771,2.205,0.855c1.6,0.153,6.8,0.201,6.8,0.201 s4.203-0.006,7.001-0.209c0.391-0.047,1.243-0.051,2.004-0.847c0.6-0.607,0.795-1.985,0.795-1.985s0.2-1.618,0.2-3.237v-1.517 C22,9.62,21.8,8.001,21.8,8.001z M9.935,14.594l-0.001-5.62l5.404,2.82L9.935,14.594z\"><\/path><\/svg><span class=\"wp-block-social-link-label screen-reader-text\">YouTube<\/span><\/a><\/li>\n\n<li style=\"color:#005CAB;\" class=\"wp-social-link wp-social-link-tiktok has-primary-color wp-block-social-link\"><a rel=\"noopener nofollow\" target=\"_blank\" href=\"https:\/\/www.tiktok.com\/@northern_northmart\" class=\"wp-block-social-link-anchor\"><svg width=\"24\" height=\"24\" viewBox=\"0 0 32 32\" version=\"1.1\" xmlns=\"http:\/\/www.w3.org\/2000\/svg\" aria-hidden=\"true\" focusable=\"false\"><path d=\"M16.708 0.027c1.745-0.027 3.48-0.011 5.213-0.027 0.105 2.041 0.839 4.12 2.333 5.563 1.491 1.479 3.6 2.156 5.652 2.385v5.369c-1.923-0.063-3.855-0.463-5.6-1.291-0.76-0.344-1.468-0.787-2.161-1.24-0.009 3.896 0.016 7.787-0.025 11.667-0.104 1.864-0.719 3.719-1.803 5.255-1.744 2.557-4.771 4.224-7.88 4.276-1.907 0.109-3.812-0.411-5.437-1.369-2.693-1.588-4.588-4.495-4.864-7.615-0.032-0.667-0.043-1.333-0.016-1.984 0.24-2.537 1.495-4.964 3.443-6.615 2.208-1.923 5.301-2.839 8.197-2.297 0.027 1.975-0.052 3.948-0.052 5.923-1.323-0.428-2.869-0.308-4.025 0.495-0.844 0.547-1.485 1.385-1.819 2.333-0.276 0.676-0.197 1.427-0.181 2.145 0.317 2.188 2.421 4.027 4.667 3.828 1.489-0.016 2.916-0.88 3.692-2.145 0.251-0.443 0.532-0.896 0.547-1.417 0.131-2.385 0.079-4.76 0.095-7.145 0.011-5.375-0.016-10.735 0.025-16.093z\" \/><\/svg><span class=\"wp-block-social-link-label screen-reader-text\">TikTok<\/span><\/a><\/li>\n\n<li style=\"color:#005CAB;\" class=\"wp-social-link wp-social-link-twitter has-primary-color wp-block-social-link\"><a rel=\"noopener nofollow\" target=\"_blank\" href=\"https:\/\/twitter.com\/North_West_Co\" class=\"wp-block-social-link-anchor\"><svg width=\"24\" height=\"24\" viewBox=\"0 0 24 24\" version=\"1.1\" xmlns=\"http:\/\/www.w3.org\/2000\/svg\" aria-hidden=\"true\" focusable=\"false\"><path d=\"M22.23,5.924c-0.736,0.326-1.527,0.547-2.357,0.646c0.847-0.508,1.498-1.312,1.804-2.27 c-0.793,0.47-1.671,0.812-2.606,0.996C18.324,4.498,17.257,4,16.077,4c-2.266,0-4.103,1.837-4.103,4.103 c0,0.322,0.036,0.635,0.106,0.935C8.67,8.867,5.647,7.234,3.623,4.751C3.27,5.357,3.067,6.062,3.067,6.814 c0,1.424,0.724,2.679,1.825,3.415c-0.673-0.021-1.305-0.206-1.859-0.513c0,0.017,0,0.034,0,0.052c0,1.988,1.414,3.647,3.292,4.023 c-0.344,0.094-0.707,0.144-1.081,0.144c-0.264,0-0.521-0.026-0.772-0.074c0.522,1.63,2.038,2.816,3.833,2.85 c-1.404,1.1-3.174,1.756-5.096,1.756c-0.331,0-0.658-0.019-0.979-0.057c1.816,1.164,3.973,1.843,6.29,1.843 c7.547,0,11.675-6.252,11.675-11.675c0-0.178-0.004-0.355-0.012-0.531C20.985,7.47,21.68,6.747,22.23,5.924z\"><\/path><\/svg><span class=\"wp-block-social-link-label screen-reader-text\">Twitter<\/span><\/a><\/li><\/ul>\n\n\n\n<div style=\"height:2vh\" aria-hidden=\"true\" class=\"wp-block-spacer\"><\/div>\n\n\n<nav class=\"has-text-color has-primary-color has-increased-font-size is-responsive  is-vertical wp-block-navigation has-primary-font-font-family is-layout-flex wp-container-core-navigation-is-layout-c35747d5 wp-block-navigation-is-layout-flex\" aria-label=\"Offer FR\" \n\t\t data-wp-interactive=\"core\/navigation\" data-wp-context='{\"overlayOpenedBy\":{\"click\":false,\"hover\":false,\"focus\":false},\"type\":\"overlay\",\"roleAttribute\":\"\",\"ariaLabel\":\"Menu\"}'><button aria-haspopup=\"dialog\" aria-label=\"Open menu\" class=\"wp-block-navigation__responsive-container-open\" \n\t\t\t\tdata-wp-on--click=\"actions.openMenuOnClick\"\n\t\t\t\tdata-wp-on--keydown=\"actions.handleMenuKeydown\"\n\t\t\t><svg width=\"24\" height=\"24\" xmlns=\"http:\/\/www.w3.org\/2000\/svg\" viewBox=\"0 0 24 24\" aria-hidden=\"true\" focusable=\"false\"><path d=\"M4 7.5h16v1.5H4z\"><\/path><path d=\"M4 15h16v1.5H4z\"><\/path><\/svg><\/button>\n\t\t\t\t<div class=\"wp-block-navigation__responsive-container\"  id=\"modal-2\" \n\t\t\t\tdata-wp-class--has-modal-open=\"state.isMenuOpen\"\n\t\t\t\tdata-wp-class--is-menu-open=\"state.isMenuOpen\"\n\t\t\t\tdata-wp-watch=\"callbacks.initMenu\"\n\t\t\t\tdata-wp-on--keydown=\"actions.handleMenuKeydown\"\n\t\t\t\tdata-wp-on--focusout=\"actions.handleMenuFocusout\"\n\t\t\t\ttabindex=\"-1\"\n\t\t\t>\n\t\t\t\t\t<div class=\"wp-block-navigation__responsive-close\" tabindex=\"-1\">\n\t\t\t\t\t\t<div class=\"wp-block-navigation__responsive-dialog\" \n\t\t\t\tdata-wp-bind--aria-modal=\"state.ariaModal\"\n\t\t\t\tdata-wp-bind--aria-label=\"state.ariaLabel\"\n\t\t\t\tdata-wp-bind--role=\"state.roleAttribute\"\n\t\t\t>\n\t\t\t\t\t\t\t<button aria-label=\"Close menu\" class=\"wp-block-navigation__responsive-container-close\" \n\t\t\t\tdata-wp-on--click=\"actions.closeMenuOnClick\"\n\t\t\t><svg xmlns=\"http:\/\/www.w3.org\/2000\/svg\" viewBox=\"0 0 24 24\" width=\"24\" height=\"24\" aria-hidden=\"true\" focusable=\"false\"><path d=\"m13.06 12 6.47-6.47-1.06-1.06L12 10.94 5.53 4.47 4.47 5.53 10.94 12l-6.47 6.47 1.06 1.06L12 13.06l6.47 6.47 1.06-1.06L13.06 12Z\"><\/path><\/svg><\/button>\n\t\t\t\t\t\t\t<div class=\"wp-block-navigation__responsive-container-content\" \n\t\t\t\tdata-wp-watch=\"callbacks.focusFirstElement\"\n\t\t\t id=\"modal-2-content\">\n\t\t\t\t\t\t\t\t<ul class=\"wp-block-navigation__container has-text-color has-primary-color has-increased-font-size is-responsive  is-vertical wp-block-navigation has-increased-font-size has-primary-font-font-family\"><li class=\"has-increased-font-size wp-block-navigation-item wp-block-navigation-link\"><a class=\"wp-block-navigation-item__content\"  href=\"https:\/\/northern.careers\/fr\/formation-pratique\/\"><span class=\"wp-block-navigation-item__label\">Formation pratique<\/span><\/a><\/li><li class=\"has-increased-font-size wp-block-navigation-item wp-block-navigation-link\"><a class=\"wp-block-navigation-item__content\"  href=\"https:\/\/northern.careers\/fr\/vivre-dans-le-nord\/\"><span class=\"wp-block-navigation-item__label\">Vivre dans le Nord<\/span><\/a><\/li><li class=\"has-increased-font-size wp-block-navigation-item wp-block-navigation-link\"><a class=\"wp-block-navigation-item__content\"  href=\"https:\/\/northern.careers\/fr\/avantages-sociaux\/\"><span class=\"wp-block-navigation-item__label\">Avantages sociaux<\/span><\/a><\/li><li class=\"has-increased-font-size wp-block-navigation-item wp-block-navigation-link\"><a class=\"wp-block-navigation-item__content\"  href=\"https:\/\/northern.careers\/fr\/travail-tres-varie\/\"><span class=\"wp-block-navigation-item__label\">Travail tr\u00e8s vari\u00e9<\/span><\/a><\/li><li class=\"has-increased-font-size wp-block-navigation-item wp-block-navigation-link\"><a class=\"wp-block-navigation-item__content\"  href=\"https:\/\/northern.careers\/fr\/evolution-de-carriere\/\"><span class=\"wp-block-navigation-item__label\">\u00c9volution de carri\u00e8re<\/span><\/a><\/li><li class=\"has-increased-font-size wp-block-navigation-item wp-block-navigation-link\"><a class=\"wp-block-navigation-item__content\"  href=\"https:\/\/northern.careers\/fr\/faites-une-difference\/\"><span class=\"wp-block-navigation-item__label\">Faites une diff\u00e9rence<\/span><\/a><\/li><\/ul>\n\t\t\t\t\t\t\t<\/div>\n\t\t\t\t\t\t<\/div>\n\t\t\t\t\t<\/div>\n\t\t\t\t<\/div><\/nav>\n\n\n<div class=\"wp-block-buttons is-layout-flex wp-block-buttons-is-layout-flex\" style=\"margin-top:var(--wp--preset--spacing--50);margin-bottom:var(--wp--preset--spacing--40)\">\n<div class=\"wp-block-button has-custom-font-size has-large-font-size\"><a class=\"wp-block-button__link wp-element-button\" href=\"https:\/\/northern.careers\/join-us\/\">Joignez-vous \u00e0 notre \u00e9quipe<\/a><\/div>\n<\/div>\n<\/div>\n\n\n\n<div class=\"wp-block-column is-layout-flow wp-block-column-is-layout-flow\">\n<p class=\"has-primary-color has-text-color has-increased-font-size\"><strong>Nos magasins Northern\/NorthMart sont situ\u00e9s dans des collectivit\u00e9s isol\u00e9es ; de ce fait, vous aurez un plus large \u00e9ventail de t\u00e2ches sur votre liste que vous n\u2019auriez dans un magasin du sud. En fait, vous ne savez jamais ce que vous pourriez avoir \u00e0 faire face un jour donn\u00e9 &#8211; de la vente de v\u00e9hicules motoris\u00e9s \u00e0 la r\u00e9paration de l&#8217;\u00e9quipement du magasin, en passant par la r\u00e9solution de probl\u00e8mes avec le personnel. <\/strong><\/p>\n\n\n\n<p>Bien que la vari\u00e9t\u00e9 des d\u00e9fis que vous pourriez avoir \u00e0 faire face puisse parfois sembler \u00e9crasante, cela signifie aussi que vous ne vous ennuierez pas au travail. Vous apprendrez de nouvelles choses et proposerez des solutions cr\u00e9atives aux probl\u00e8mes qui se posent. Ce type d&#8217;environnement sera gratifiant pour les personnes qui aiment la vari\u00e9t\u00e9 dans leur travail et qui veulent se surpasser.  <\/p>\n\n\n\n<p>Il n&#8217;y a pas deux jours pareils chez Northern\/NorthMart. Qu&#8217;il s&#8217;agisse de travailler au d\u00e9veloppement de votre \u00e9quipe, de retrousser vos manches et de vous familiariser avec le transport de marchandises, nos employ\u00e9s ont la possibilit\u00e9 d&#8217;assumer une vari\u00e9t\u00e9 de t\u00e2ches et de relever des d\u00e9fis et de devenir des experts dans tous les rayons. <\/p>\n\n\n\n<p>La vie chez Northern\/NorthMart signifie apprendre et grandir constamment, alors que vous vous attaquez \u00e0 de nouvelles t\u00e2ches et responsabilit\u00e9s et que vous d\u00e9veloppez vos comp\u00e9tences et votre exp\u00e9rience. Nous nous engageons \u00e0 fournir le soutien et les conseils dont vous avez besoin pour r\u00e9ussir, et nous pensons que notre environnement de travail diversifi\u00e9 et stimulant est l&#8217;endroit id\u00e9al pour grandir et prosp\u00e9rer. Donc, si vous recherchez un emploi qui offre un environnement de travail diversifi\u00e9 et stimulant, postulez d\u00e8s aujourd&#8217;hui.  <\/p>\n<\/div>\n<\/div>\n\n\n\n<div style=\"height:40px\" aria-hidden=\"true\" class=\"wp-block-spacer\"><\/div>\n\n\n\n<div class=\"wp-block-columns alignwide is-not-stacked-on-mobile is-layout-flex wp-container-core-columns-is-layout-28f84493 wp-block-columns-is-layout-flex\">\n<div class=\"wp-block-column is-layout-flow wp-block-column-is-layout-flow\">\n<figure class=\"wp-block-image size-full\"><img loading=\"lazy\" decoding=\"async\" width=\"590\" height=\"300\" src=\"https:\/\/northern.careers\/wp-content\/uploads\/2023\/01\/whatWeOffer_wideVariety_butcher_590x300.jpg\" alt=\"\" class=\"wp-image-384\" srcset=\"https:\/\/northern.careers\/wp-content\/uploads\/2023\/01\/whatWeOffer_wideVariety_butcher_590x300.jpg 590w, https:\/\/northern.careers\/wp-content\/uploads\/2023\/01\/whatWeOffer_wideVariety_butcher_590x300-390x198.jpg 390w\" sizes=\"auto, (max-width: 590px) 100vw, 590px\" \/><\/figure>\n<\/div>\n\n\n\n<div class=\"wp-block-column is-layout-flow wp-block-column-is-layout-flow\">\n<figure class=\"wp-block-image size-full\"><img loading=\"lazy\" decoding=\"async\" width=\"590\" height=\"300\" src=\"https:\/\/northern.careers\/wp-content\/uploads\/2023\/02\/whatWeOffer_wideVariety_pharmacy_590x300-1.jpg\" alt=\"\" class=\"wp-image-918\" srcset=\"https:\/\/northern.careers\/wp-content\/uploads\/2023\/02\/whatWeOffer_wideVariety_pharmacy_590x300-1.jpg 590w, https:\/\/northern.careers\/wp-content\/uploads\/2023\/02\/whatWeOffer_wideVariety_pharmacy_590x300-1-390x198.jpg 390w\" sizes=\"auto, (max-width: 590px) 100vw, 590px\" \/><\/figure>\n<\/div>\n<\/div>\n\n\n\n<div style=\"height:20px\" aria-hidden=\"true\" class=\"wp-block-spacer\"><\/div>\n\n\n\n<figure class=\"wp-block-image alignwide size-full\"><img loading=\"lazy\" decoding=\"async\" width=\"1200\" height=\"300\" src=\"https:\/\/northern.careers\/wp-content\/uploads\/2023\/02\/whatWeOffer_wideVariety_gasPumpLg_1200x300.png\" alt=\"\" class=\"wp-image-925\" srcset=\"https:\/\/northern.careers\/wp-content\/uploads\/2023\/02\/whatWeOffer_wideVariety_gasPumpLg_1200x300.png 1200w, https:\/\/northern.careers\/wp-content\/uploads\/2023\/02\/whatWeOffer_wideVariety_gasPumpLg_1200x300-390x98.png 390w, https:\/\/northern.careers\/wp-content\/uploads\/2023\/02\/whatWeOffer_wideVariety_gasPumpLg_1200x300-1024x256.png 1024w, https:\/\/northern.careers\/wp-content\/uploads\/2023\/02\/whatWeOffer_wideVariety_gasPumpLg_1200x300-768x192.png 768w\" sizes=\"auto, (max-width: 1200px) 100vw, 1200px\" \/><\/figure>\n\n\n\n<div style=\"height:20px\" aria-hidden=\"true\" class=\"wp-block-spacer\"><\/div>\n\n\n\n<div class=\"wp-block-columns alignwide is-not-stacked-on-mobile is-layout-flex wp-container-core-columns-is-layout-28f84493 wp-block-columns-is-layout-flex\">\n<div class=\"wp-block-column is-layout-flow wp-block-column-is-layout-flow\">\n<figure class=\"wp-block-image size-full\"><img loading=\"lazy\" decoding=\"async\" width=\"590\" height=\"300\" src=\"https:\/\/northern.careers\/wp-content\/uploads\/2023\/03\/whatWeOffer_wideVariety_WEfinancial_590x300.jpg\" alt=\"ce que nous offrons - Nous Financiers\" class=\"wp-image-1872\" srcset=\"https:\/\/northern.careers\/wp-content\/uploads\/2023\/03\/whatWeOffer_wideVariety_WEfinancial_590x300.jpg 590w, https:\/\/northern.careers\/wp-content\/uploads\/2023\/03\/whatWeOffer_wideVariety_WEfinancial_590x300-390x198.jpg 390w\" sizes=\"auto, (max-width: 590px) 100vw, 590px\" \/><\/figure>\n<\/div>\n\n\n\n<div class=\"wp-block-column is-layout-flow wp-block-column-is-layout-flow\">\n<figure class=\"wp-block-image size-full\"><img loading=\"lazy\" decoding=\"async\" width=\"590\" height=\"300\" src=\"https:\/\/northern.careers\/wp-content\/uploads\/2023\/01\/whatWeOffer_wideVariety_loadingPlane_590x300.jpg\" alt=\"\" class=\"wp-image-387\" srcset=\"https:\/\/northern.careers\/wp-content\/uploads\/2023\/01\/whatWeOffer_wideVariety_loadingPlane_590x300.jpg 590w, https:\/\/northern.careers\/wp-content\/uploads\/2023\/01\/whatWeOffer_wideVariety_loadingPlane_590x300-390x198.jpg 390w\" sizes=\"auto, (max-width: 590px) 100vw, 590px\" \/><\/figure>\n<\/div>\n<\/div>\n\n\n\n<div style=\"height:40px\" aria-hidden=\"true\" class=\"wp-block-spacer\"><\/div>\n","protected":false},"excerpt":{"rendered":"<p>Beaucoup plus qu&#8217;un emploi au d\u00e9tail. Venez faire une diff\u00e9rence. Joignez-vous \u00e0 l\u2019\u00e9quipe Northern\/NorthMart Faites l&#8217;exp\u00e9rience d&#8217;une grande vari\u00e9t\u00e9 de t\u00e2ches Nos magasins Northern\/NorthMart sont&#8230;<\/p>\n","protected":false},"author":1,"featured_media":0,"parent":0,"menu_order":0,"comment_status":"closed","ping_status":"closed","template":"","meta":{"footnotes":""},"class_list":["post-2200","page","type-page","status-publish","hentry"],"_links":{"self":[{"href":"https:\/\/northern.careers\/fr\/wp-json\/wp\/v2\/pages\/2200","targetHints":{"allow":["GET"]}}],"collection":[{"href":"https:\/\/northern.careers\/fr\/wp-json\/wp\/v2\/pages"}],"about":[{"href":"https:\/\/northern.careers\/fr\/wp-json\/wp\/v2\/types\/page"}],"author":[{"embeddable":true,"href":"https:\/\/northern.careers\/fr\/wp-json\/wp\/v2\/users\/1"}],"replies":[{"embeddable":true,"href":"https:\/\/northern.careers\/fr\/wp-json\/wp\/v2\/comments?post=2200"}],"version-history":[{"count":7,"href":"https:\/\/northern.careers\/fr\/wp-json\/wp\/v2\/pages\/2200\/revisions"}],"predecessor-version":[{"id":2670,"href":"https:\/\/northern.careers\/fr\/wp-json\/wp\/v2\/pages\/2200\/revisions\/2670"}],"wp:attachment":[{"href":"https:\/\/northern.careers\/fr\/wp-json\/wp\/v2\/media?parent=2200"}],"curies":[{"name":"wp","href":"https:\/\/api.w.org\/{rel}","templated":true}]}}