{"id":2505,"date":"2023-02-16T23:11:06","date_gmt":"2023-02-16T23:11:06","guid":{"rendered":"https:\/\/northern.careers\/joignez-vous-a-nous\/duos-dynamiques\/"},"modified":"2023-07-19T21:20:44","modified_gmt":"2023-07-19T21:20:44","slug":"duos-dynamiques","status":"publish","type":"page","link":"https:\/\/northern.careers\/fr\/joignez-vous-a-nous\/duos-dynamiques\/","title":{"rendered":"Duos dynamiques"},"content":{"rendered":"\n<div class=\"wp-block-group alignfull has-secondary-background-color has-background is-layout-constrained wp-block-group-is-layout-constrained\" style=\"margin-top:0;padding-bottom:0\">\n<div class=\"wp-block-columns alignwide is-layout-flex wp-container-core-columns-is-layout-7c9548a8 wp-block-columns-is-layout-flex\" style=\"padding-top:0;padding-right:0;padding-bottom:0;padding-left:0\">\n<div class=\"wp-block-column is-vertically-aligned-center is-layout-flow wp-block-column-is-layout-flow\" style=\"padding-top:var(--wp--preset--spacing--80);padding-bottom:var(--wp--preset--spacing--40);flex-basis:60%\">\n<h2 class=\"has-text-align-center has-primary-color has-background-background-color has-text-color has-background has-2-xlarge-font-size wp-block-heading\" style=\"padding-top:var(--wp--preset--spacing--40);padding-right:var(--wp--preset--spacing--50);padding-bottom:var(--wp--preset--spacing--40);padding-left:var(--wp--preset--spacing--50);text-transform:uppercase\">BEAUCOUP PLUS QU\u2019UN EMPLOI AU D\u00c9TAIL.<\/h2>\n\n\n\n<div class=\"wp-block-group neg-margin-top is-layout-constrained wp-container-core-group-is-layout-92264e68 wp-block-group-is-layout-constrained\" style=\"margin-top:0;margin-bottom:0;padding-top:var(--wp--preset--spacing--30);padding-right:var(--wp--preset--spacing--30);padding-bottom:var(--wp--preset--spacing--30);padding-left:var(--wp--preset--spacing--30)\">\n<div class=\"wp-block-group has-background-color has-primary-background-color has-text-color has-background is-layout-constrained wp-container-core-group-is-layout-23b1a4dc wp-block-group-is-layout-constrained\" style=\"padding-top:var(--wp--preset--spacing--30);padding-right:var(--wp--preset--spacing--30);padding-bottom:var(--wp--preset--spacing--30);padding-left:var(--wp--preset--spacing--30)\">\n<p class=\"has-text-align-center has-larger-font-size\" style=\"font-style:normal;font-weight:700;text-transform:uppercase\">VENEZ FAIRE UNE DIFF\u00c9RENCE.<\/p>\n<\/div>\n\n\n\n<p class=\"has-text-align-right has-background-color has-text-color has-increased-font-size\" style=\"margin-bottom:var(--wp--preset--spacing--50)\">Joignez-vous \u00e0 l\u2019\u00e9quipe Northern\/NorthMart<\/p>\n<\/div>\n<\/div>\n\n\n\n<div class=\"wp-block-column is-vertically-aligned-bottom is-layout-flow wp-block-column-is-layout-flow\" style=\"flex-basis:40%\">\n<figure class=\"wp-block-image alignright size-full\"><img loading=\"lazy\" decoding=\"async\" width=\"895\" height=\"400\" src=\"https:\/\/northern.careers\/wp-content\/uploads\/2023\/01\/join-us-group_895x400.png\" alt=\"\" class=\"wp-image-232\" srcset=\"https:\/\/northern.careers\/wp-content\/uploads\/2023\/01\/join-us-group_895x400.png 895w, https:\/\/northern.careers\/wp-content\/uploads\/2023\/01\/join-us-group_895x400-390x174.png 390w, https:\/\/northern.careers\/wp-content\/uploads\/2023\/01\/join-us-group_895x400-768x343.png 768w\" sizes=\"auto, (max-width: 895px) 100vw, 895px\" \/><\/figure><\/div>\n<\/div>\n<\/div>\n<div style=\"--bb--crumb-gap:.4em;\" class=\"alignwide wp-block-boldblocks-breadcrumb-block\"><nav role=\"navigation\" aria-label=\"Breadcrumbs\" class=\"breadcrumb\"><ol class=\"breadcrumb-items\"><li class=\"breadcrumb-item breadcrumb-item--current breadcrumb-item--home\"><span class=\"breadcrumb-item-name\">Home<\/span><\/li><\/ol><\/nav><\/div>\n<div class=\"wp-block-columns alignwide is-layout-flex wp-container-core-columns-is-layout-643ced6b wp-block-columns-is-layout-flex\" id=\"dynamic-duos\">\n<div class=\"wp-block-column is-layout-flow wp-block-column-is-layout-flow\">\n<h1 class=\"has-primary-color has-text-color has-3-xlarge-font-size wp-block-heading\">Duos dynamiques<\/h1>\n\n\n\n<p class=\"has-primary-color has-text-color has-link-color has-increased-font-size wp-elements-5506761003987f58a4915796d0a5fd55\" style=\"font-style:normal;font-weight:700\">Voir les appariements de position ci-dessous. <strong>Nous aimons embaucher des paires. Nous embauchons des fr\u00e8res et s\u0153urs, des amis, des colocataires, des conjoints, des cousins \u2013 un peu de tout !<\/strong> En savoir plus sur Dynamic Duos <a href=\"https:\/\/northern.careers\/fr\/duos-dynamiques\/\" data-type=\"page\" data-id=\"124\">ici<\/a>. Pour voir tous nos postes, rendez-vous <a href=\"https:\/\/northern.careers\/fr\/joignez-vous-a-nous\/\" data-type=\"page\" data-id=\"34\">ici<\/a>.<\/p>\n<\/div>\n\n\n\n<div class=\"wp-block-column is-layout-flow wp-block-column-is-layout-flow\"><\/div>\n<\/div>\n\n<!-- Start CATS job widget -->\n\n<div id=\"cats-dynamic-duo-portal\" class=\"alignwide\"><\/div>\n\n<script>\n\nwindow.cjw=window.cjw||function(){(cjw.instance=cjw.instance||[]).push(arguments[0])};\n\ncjw({\"id\":101492,\"domain\":\"catsone.com\",\"target\":\"#cats-dynamic-duo-portal\"});\n\n<\/script><script async=\"\" src=\"https:\/\/app.catsone.com\/resources\/entry-jobwidget.js\"><\/script><!-- End CATS job widget -->","protected":false},"excerpt":{"rendered":"<p>BEAUCOUP PLUS QU\u2019UN EMPLOI AU D\u00c9TAIL. VENEZ FAIRE UNE DIFF\u00c9RENCE. Joignez-vous \u00e0 l\u2019\u00e9quipe Northern\/NorthMart Duos dynamiques Voir les appariements de position ci-dessous. Nous aimons embaucher&#8230;<\/p>\n","protected":false},"author":1,"featured_media":0,"parent":2492,"menu_order":0,"comment_status":"closed","ping_status":"closed","template":"","meta":{"footnotes":""},"class_list":["post-2505","page","type-page","status-publish","hentry"],"_links":{"self":[{"href":"https:\/\/northern.careers\/fr\/wp-json\/wp\/v2\/pages\/2505","targetHints":{"allow":["GET"]}}],"collection":[{"href":"https:\/\/northern.careers\/fr\/wp-json\/wp\/v2\/pages"}],"about":[{"href":"https:\/\/northern.careers\/fr\/wp-json\/wp\/v2\/types\/page"}],"author":[{"embeddable":true,"href":"https:\/\/northern.careers\/fr\/wp-json\/wp\/v2\/users\/1"}],"replies":[{"embeddable":true,"href":"https:\/\/northern.careers\/fr\/wp-json\/wp\/v2\/comments?post=2505"}],"version-history":[{"count":1,"href":"https:\/\/northern.careers\/fr\/wp-json\/wp\/v2\/pages\/2505\/revisions"}],"predecessor-version":[{"id":2506,"href":"https:\/\/northern.careers\/fr\/wp-json\/wp\/v2\/pages\/2505\/revisions\/2506"}],"up":[{"embeddable":true,"href":"https:\/\/northern.careers\/fr\/wp-json\/wp\/v2\/pages\/2492"}],"wp:attachment":[{"href":"https:\/\/northern.careers\/fr\/wp-json\/wp\/v2\/media?parent=2505"}],"curies":[{"name":"wp","href":"https:\/\/api.w.org\/{rel}","templated":true}]}}